{"id":667,"date":"2023-09-28T21:48:51","date_gmt":"2023-09-28T21:48:51","guid":{"rendered":"https:\/\/trendflowstudio.com\/?post_type=product&#038;p=667"},"modified":"2024-11-22T20:58:26","modified_gmt":"2024-11-22T20:58:26","slug":"database-optimization-consulting","status":"publish","type":"product","link":"https:\/\/trendflowstudio.com\/en\/product\/database-optimization-consulting\/","title":{"rendered":"Consulting in database optimization."},"content":{"rendered":"<p>Details: Review and improvement in database management.<\/p>\n<p>Delivery: Performance diagnosis + Optimization strategy and good practices.<\/p>","protected":false},"excerpt":{"rendered":"<p>Detalles: Revisi\u00f3n y mejora en el manejo de bases de datos. Entrega: Diagn\u00f3stico de performance + Estrategia de optimizaci\u00f3n y buenas pr\u00e1cticas.<\/p>","protected":false},"featured_media":1310,"template":"","meta":{"_acf_changed":false},"product_brand":[],"product_cat":[15],"product_tag":[],"class_list":{"0":"post-667","1":"product","2":"type-product","3":"status-publish","4":"has-post-thumbnail","6":"product_cat-uncategorized","8":"first","9":"instock","10":"taxable","11":"shipping-taxable","12":"purchasable","13":"product-type-simple"},"acf":{"im_status":"enabled","days_for_delivery":"3"},"aioseo_notices":[],"_links":{"self":[{"href":"https:\/\/trendflowstudio.com\/en\/wp-json\/wp\/v2\/product\/667","targetHints":{"allow":["GET"]}}],"collection":[{"href":"https:\/\/trendflowstudio.com\/en\/wp-json\/wp\/v2\/product"}],"about":[{"href":"https:\/\/trendflowstudio.com\/en\/wp-json\/wp\/v2\/types\/product"}],"wp:featuredmedia":[{"embeddable":true,"href":"https:\/\/trendflowstudio.com\/en\/wp-json\/wp\/v2\/media\/1310"}],"wp:attachment":[{"href":"https:\/\/trendflowstudio.com\/en\/wp-json\/wp\/v2\/media?parent=667"}],"wp:term":[{"taxonomy":"product_brand","embeddable":true,"href":"https:\/\/trendflowstudio.com\/en\/wp-json\/wp\/v2\/product_brand?post=667"},{"taxonomy":"product_cat","embeddable":true,"href":"https:\/\/trendflowstudio.com\/en\/wp-json\/wp\/v2\/product_cat?post=667"},{"taxonomy":"product_tag","embeddable":true,"href":"https:\/\/trendflowstudio.com\/en\/wp-json\/wp\/v2\/product_tag?post=667"}],"curies":[{"name":"wp","href":"https:\/\/api.w.org\/{rel}","templated":true}]}}