{"id":666,"date":"2023-09-28T21:48:45","date_gmt":"2023-09-28T21:48:45","guid":{"rendered":"https:\/\/trendflowstudio.com\/?post_type=product&#038;p=666"},"modified":"2023-10-04T16:31:09","modified_gmt":"2023-10-04T16:31:09","slug":"it-project-management-consulting","status":"publish","type":"product","link":"https:\/\/trendflowstudio.com\/en\/product\/it-project-management-consulting\/","title":{"rendered":"IT Project Management Consulting."},"content":{"rendered":"<p>Details: Implementation of agile methodologies and efficient project management.<\/p>\n<p>Delivery: Initial evaluation of current processes + Recommendations for the implementation of methodologies.<\/p>","protected":false},"excerpt":{"rendered":"<p>Detalles: Implementaci\u00f3n de metodolog\u00edas \u00e1giles y gesti\u00f3n eficiente de proyectos. Entrega: Evaluaci\u00f3n inicial de procesos actuales + Recomendaciones de implementaci\u00f3n de metodolog\u00edas.<\/p>","protected":false},"featured_media":1353,"template":"","meta":{"_acf_changed":false},"product_brand":[],"product_cat":[15],"product_tag":[],"class_list":{"0":"post-666","1":"product","2":"type-product","3":"status-publish","4":"has-post-thumbnail","6":"product_cat-uncategorized","8":"first","9":"instock","10":"taxable","11":"shipping-taxable","12":"purchasable","13":"product-type-simple"},"acf":{"im_status":"enabled","days_for_delivery":0},"aioseo_notices":[],"_links":{"self":[{"href":"https:\/\/trendflowstudio.com\/en\/wp-json\/wp\/v2\/product\/666","targetHints":{"allow":["GET"]}}],"collection":[{"href":"https:\/\/trendflowstudio.com\/en\/wp-json\/wp\/v2\/product"}],"about":[{"href":"https:\/\/trendflowstudio.com\/en\/wp-json\/wp\/v2\/types\/product"}],"wp:featuredmedia":[{"embeddable":true,"href":"https:\/\/trendflowstudio.com\/en\/wp-json\/wp\/v2\/media\/1353"}],"wp:attachment":[{"href":"https:\/\/trendflowstudio.com\/en\/wp-json\/wp\/v2\/media?parent=666"}],"wp:term":[{"taxonomy":"product_brand","embeddable":true,"href":"https:\/\/trendflowstudio.com\/en\/wp-json\/wp\/v2\/product_brand?post=666"},{"taxonomy":"product_cat","embeddable":true,"href":"https:\/\/trendflowstudio.com\/en\/wp-json\/wp\/v2\/product_cat?post=666"},{"taxonomy":"product_tag","embeddable":true,"href":"https:\/\/trendflowstudio.com\/en\/wp-json\/wp\/v2\/product_tag?post=666"}],"curies":[{"name":"wp","href":"https:\/\/api.w.org\/{rel}","templated":true}]}}