{"id":665,"date":"2023-09-28T21:48:43","date_gmt":"2023-09-28T21:48:43","guid":{"rendered":"https:\/\/trendflowstudio.com\/?post_type=product&#038;p=665"},"modified":"2023-10-04T16:32:08","modified_gmt":"2023-10-04T16:32:08","slug":"ux-ui-consulting","status":"publish","type":"product","link":"https:\/\/trendflowstudio.com\/en\/product\/ux-ui-consulting\/","title":{"rendered":"UX\/UI Consulting."},"content":{"rendered":"<p>Details: Improvement in the experience and interface design.<\/p>\n<p>Delivery: Analysis of current experience + Design proposals with wireframes.<\/p>","protected":false},"excerpt":{"rendered":"<p>Detalles: Mejora en la experiencia y dise\u00f1o de interfaces. Entrega: An\u00e1lisis de experiencia actual + Propuestas de dise\u00f1o con wireframes.<\/p>","protected":false},"featured_media":1363,"template":"","meta":{"_acf_changed":false},"product_brand":[],"product_cat":[15],"product_tag":[],"class_list":{"0":"post-665","1":"product","2":"type-product","3":"status-publish","4":"has-post-thumbnail","6":"product_cat-uncategorized","8":"first","9":"instock","10":"taxable","11":"shipping-taxable","12":"purchasable","13":"product-type-simple"},"acf":{"im_status":"enabled","days_for_delivery":0},"aioseo_notices":[],"_links":{"self":[{"href":"https:\/\/trendflowstudio.com\/en\/wp-json\/wp\/v2\/product\/665","targetHints":{"allow":["GET"]}}],"collection":[{"href":"https:\/\/trendflowstudio.com\/en\/wp-json\/wp\/v2\/product"}],"about":[{"href":"https:\/\/trendflowstudio.com\/en\/wp-json\/wp\/v2\/types\/product"}],"wp:featuredmedia":[{"embeddable":true,"href":"https:\/\/trendflowstudio.com\/en\/wp-json\/wp\/v2\/media\/1363"}],"wp:attachment":[{"href":"https:\/\/trendflowstudio.com\/en\/wp-json\/wp\/v2\/media?parent=665"}],"wp:term":[{"taxonomy":"product_brand","embeddable":true,"href":"https:\/\/trendflowstudio.com\/en\/wp-json\/wp\/v2\/product_brand?post=665"},{"taxonomy":"product_cat","embeddable":true,"href":"https:\/\/trendflowstudio.com\/en\/wp-json\/wp\/v2\/product_cat?post=665"},{"taxonomy":"product_tag","embeddable":true,"href":"https:\/\/trendflowstudio.com\/en\/wp-json\/wp\/v2\/product_tag?post=665"}],"curies":[{"name":"wp","href":"https:\/\/api.w.org\/{rel}","templated":true}]}}