{"id":664,"date":"2023-09-28T21:48:36","date_gmt":"2023-09-28T21:48:36","guid":{"rendered":"https:\/\/trendflowstudio.com\/?post_type=product&#038;p=664"},"modified":"2023-10-04T16:32:24","modified_gmt":"2023-10-04T16:32:24","slug":"cloud-computing-consulting","status":"publish","type":"product","link":"https:\/\/trendflowstudio.com\/en\/product\/cloud-computing-consulting\/","title":{"rendered":"Cloud Computing Consulting."},"content":{"rendered":"<p>Details: Optimization of cloud infrastructures.<\/p>\n<p>Delivery: Cost and performance analysis + Migration or improvement strategy.<\/p>","protected":false},"excerpt":{"rendered":"<p>Detalles: Optimizaci\u00f3n de infraestructuras en la nube. Entrega: An\u00e1lisis de costos y performance + Estrategia de migraci\u00f3n o mejora.<\/p>","protected":false},"featured_media":1362,"template":"","meta":{"_acf_changed":false},"product_brand":[],"product_cat":[15],"product_tag":[],"class_list":{"0":"post-664","1":"product","2":"type-product","3":"status-publish","4":"has-post-thumbnail","6":"product_cat-uncategorized","8":"first","9":"instock","10":"taxable","11":"shipping-taxable","12":"purchasable","13":"product-type-simple"},"acf":{"im_status":"enabled","days_for_delivery":0},"aioseo_notices":[],"_links":{"self":[{"href":"https:\/\/trendflowstudio.com\/en\/wp-json\/wp\/v2\/product\/664","targetHints":{"allow":["GET"]}}],"collection":[{"href":"https:\/\/trendflowstudio.com\/en\/wp-json\/wp\/v2\/product"}],"about":[{"href":"https:\/\/trendflowstudio.com\/en\/wp-json\/wp\/v2\/types\/product"}],"wp:featuredmedia":[{"embeddable":true,"href":"https:\/\/trendflowstudio.com\/en\/wp-json\/wp\/v2\/media\/1362"}],"wp:attachment":[{"href":"https:\/\/trendflowstudio.com\/en\/wp-json\/wp\/v2\/media?parent=664"}],"wp:term":[{"taxonomy":"product_brand","embeddable":true,"href":"https:\/\/trendflowstudio.com\/en\/wp-json\/wp\/v2\/product_brand?post=664"},{"taxonomy":"product_cat","embeddable":true,"href":"https:\/\/trendflowstudio.com\/en\/wp-json\/wp\/v2\/product_cat?post=664"},{"taxonomy":"product_tag","embeddable":true,"href":"https:\/\/trendflowstudio.com\/en\/wp-json\/wp\/v2\/product_tag?post=664"}],"curies":[{"name":"wp","href":"https:\/\/api.w.org\/{rel}","templated":true}]}}