{"id":663,"date":"2023-09-28T21:48:31","date_gmt":"2023-09-28T21:48:31","guid":{"rendered":"https:\/\/trendflowstudio.com\/?post_type=product&#038;p=663"},"modified":"2023-10-04T16:32:40","modified_gmt":"2023-10-04T16:32:40","slug":"digital-transformation-consulting","status":"publish","type":"product","link":"https:\/\/trendflowstudio.com\/en\/product\/digital-transformation-consulting\/","title":{"rendered":"Digital Transformation Consulting."},"content":{"rendered":"<p>Details: Digitization and automation of business processes.<\/p>\n<p>Delivery: Transformation Roadmap Design + Tools and Platform Recommendations.<\/p>","protected":false},"excerpt":{"rendered":"<p>Detalles: Digitalizaci\u00f3n y automatizaci\u00f3n de procesos empresariales. Entrega: Dise\u00f1o de Roadmap de transformaci\u00f3n + Recomendaciones de herramientas y plataformas.<\/p>","protected":false},"featured_media":1361,"template":"","meta":{"_acf_changed":false},"product_brand":[],"product_cat":[15],"product_tag":[],"class_list":{"0":"post-663","1":"product","2":"type-product","3":"status-publish","4":"has-post-thumbnail","6":"product_cat-uncategorized","8":"first","9":"instock","10":"taxable","11":"shipping-taxable","12":"purchasable","13":"product-type-simple"},"acf":{"im_status":"enabled","days_for_delivery":0},"aioseo_notices":[],"_links":{"self":[{"href":"https:\/\/trendflowstudio.com\/en\/wp-json\/wp\/v2\/product\/663","targetHints":{"allow":["GET"]}}],"collection":[{"href":"https:\/\/trendflowstudio.com\/en\/wp-json\/wp\/v2\/product"}],"about":[{"href":"https:\/\/trendflowstudio.com\/en\/wp-json\/wp\/v2\/types\/product"}],"wp:featuredmedia":[{"embeddable":true,"href":"https:\/\/trendflowstudio.com\/en\/wp-json\/wp\/v2\/media\/1361"}],"wp:attachment":[{"href":"https:\/\/trendflowstudio.com\/en\/wp-json\/wp\/v2\/media?parent=663"}],"wp:term":[{"taxonomy":"product_brand","embeddable":true,"href":"https:\/\/trendflowstudio.com\/en\/wp-json\/wp\/v2\/product_brand?post=663"},{"taxonomy":"product_cat","embeddable":true,"href":"https:\/\/trendflowstudio.com\/en\/wp-json\/wp\/v2\/product_cat?post=663"},{"taxonomy":"product_tag","embeddable":true,"href":"https:\/\/trendflowstudio.com\/en\/wp-json\/wp\/v2\/product_tag?post=663"}],"curies":[{"name":"wp","href":"https:\/\/api.w.org\/{rel}","templated":true}]}}