{"id":647,"date":"2023-09-28T21:12:39","date_gmt":"2023-09-28T21:12:39","guid":{"rendered":"https:\/\/trendflowstudio.com\/?post_type=product&#038;p=647"},"modified":"2023-10-04T16:34:25","modified_gmt":"2023-10-04T16:34:25","slug":"devops-strategy-consulting","status":"publish","type":"product","link":"https:\/\/trendflowstudio.com\/en\/product\/devops-strategy-consulting\/","title":{"rendered":"DevOps Strategy Consulting."},"content":{"rendered":"<p>Details: Implementation and optimization of DevOps practices.<br \/>\nDeliverable: DevOps Core Strategic Plan design + Recommendation for tools and workflows.<\/p>","protected":false},"excerpt":{"rendered":"<p>Detalles: Implementaci\u00f3n y optimizaci\u00f3n de pr\u00e1cticas DevOps. Entrega: dise\u00f1o del Plan estrat\u00e9gico b\u00e1sico DevOps + Recomendaci\u00f3n para herramientas y flujos de trabajo.<\/p>","protected":false},"featured_media":1357,"template":"","meta":{"_acf_changed":false},"product_brand":[],"product_cat":[15],"product_tag":[],"class_list":{"0":"post-647","1":"product","2":"type-product","3":"status-publish","4":"has-post-thumbnail","6":"product_cat-uncategorized","8":"first","9":"instock","10":"taxable","11":"shipping-taxable","12":"purchasable","13":"product-type-simple"},"acf":{"im_status":"enabled","days_for_delivery":0},"aioseo_notices":[],"_links":{"self":[{"href":"https:\/\/trendflowstudio.com\/en\/wp-json\/wp\/v2\/product\/647","targetHints":{"allow":["GET"]}}],"collection":[{"href":"https:\/\/trendflowstudio.com\/en\/wp-json\/wp\/v2\/product"}],"about":[{"href":"https:\/\/trendflowstudio.com\/en\/wp-json\/wp\/v2\/types\/product"}],"wp:featuredmedia":[{"embeddable":true,"href":"https:\/\/trendflowstudio.com\/en\/wp-json\/wp\/v2\/media\/1357"}],"wp:attachment":[{"href":"https:\/\/trendflowstudio.com\/en\/wp-json\/wp\/v2\/media?parent=647"}],"wp:term":[{"taxonomy":"product_brand","embeddable":true,"href":"https:\/\/trendflowstudio.com\/en\/wp-json\/wp\/v2\/product_brand?post=647"},{"taxonomy":"product_cat","embeddable":true,"href":"https:\/\/trendflowstudio.com\/en\/wp-json\/wp\/v2\/product_cat?post=647"},{"taxonomy":"product_tag","embeddable":true,"href":"https:\/\/trendflowstudio.com\/en\/wp-json\/wp\/v2\/product_tag?post=647"}],"curies":[{"name":"wp","href":"https:\/\/api.w.org\/{rel}","templated":true}]}}