{"id":758,"date":"2023-09-29T00:19:20","date_gmt":"2023-09-29T00:19:20","guid":{"rendered":"https:\/\/trendflowstudio.com\/?page_id=758"},"modified":"2025-01-31T03:04:15","modified_gmt":"2025-01-31T03:04:15","slug":"return-policy","status":"publish","type":"page","link":"https:\/\/trendflowstudio.com\/en\/return-policy\/","title":{"rendered":"Return policy"},"content":{"rendered":"<div data-elementor-type=\"wp-page\" data-elementor-id=\"758\" class=\"elementor elementor-758\" data-elementor-post-type=\"page\">\n\t\t\t\t\t\t<section class=\"elementor-section elementor-top-section elementor-element elementor-element-263a149 elementor-section-height-min-height elementor-section-boxed elementor-section-height-default elementor-section-items-middle\" data-id=\"263a149\" data-element_type=\"section\" data-settings=\"{&quot;background_background&quot;:&quot;classic&quot;}\">\n\t\t\t\t\t\t\t<div class=\"elementor-background-overlay\"><\/div>\n\t\t\t\t\t\t\t<div class=\"elementor-container elementor-column-gap-default\">\n\t\t\t\t\t<div class=\"elementor-column elementor-col-100 elementor-top-column elementor-element elementor-element-14d17f5\" data-id=\"14d17f5\" data-element_type=\"column\">\n\t\t\t<div class=\"elementor-widget-wrap elementor-element-populated\">\n\t\t\t\t\t\t<div class=\"elementor-element elementor-element-542f90c elementor-invisible elementor-widget elementor-widget-heading\" data-id=\"542f90c\" data-element_type=\"widget\" data-settings=\"{&quot;_animation&quot;:&quot;fadeInUp&quot;}\" data-widget_type=\"heading.default\">\n\t\t\t\t<div class=\"elementor-widget-container\">\n\t\t\t\t\t<h2 class=\"elementor-heading-title elementor-size-default\">Refund Policy<\/h2>\t\t\t\t<\/div>\n\t\t\t\t<\/div>\n\t\t\t\t\t<\/div>\n\t\t<\/div>\n\t\t\t\t\t<\/div>\n\t\t<\/section>\n\t\t\t\t<section class=\"elementor-section elementor-top-section elementor-element elementor-element-fb10dc5 elementor-section-boxed elementor-section-height-default elementor-section-height-default\" data-id=\"fb10dc5\" data-element_type=\"section\">\n\t\t\t\t\t\t<div class=\"elementor-container elementor-column-gap-default\">\n\t\t\t\t\t<div class=\"elementor-column elementor-col-100 elementor-top-column elementor-element elementor-element-67d0200\" data-id=\"67d0200\" data-element_type=\"column\">\n\t\t\t<div class=\"elementor-widget-wrap elementor-element-populated\">\n\t\t\t\t\t\t<div class=\"elementor-element elementor-element-56d5999 elementor-widget__width-initial elementor-widget elementor-widget-text-editor\" data-id=\"56d5999\" data-element_type=\"widget\" data-widget_type=\"text-editor.default\">\n\t\t\t\t<div class=\"elementor-widget-container\">\n\t\t\t\t\t\t\t\t\t<p><strong><u>Last updated January 29, 2025.<\/u><\/strong><\/p><p>At Trend Flow Studio, we are committed to ensuring customer satisfaction with the services we provide. Below is our refund policy, designed to address any situation in which our clients may require a refund or alternative solution.\u00a0<\/p><p><strong>Deadline for Claiming a Refund<\/strong><\/p><p>The User has the right to request a refund within five (5) business days after receiving the contracted service.\u00a0<\/p><p><strong>Options Available to the User<\/strong><\/p><p>When submitting a refund request, the User shall specify whether he\/she wishes to\u00a0<\/p><ul><li>The return of the money, or\u00a0<\/li><li>The repetition of the requested service, with the objective of guaranteeing your satisfaction.\u00a0<\/li><\/ul><p><strong>Procedure for Requesting a Refund<\/strong><\/p><p>To initiate the refund process, the User must:\u00a0<\/p><ul><li>Notify Trend Flow Studio in writing by sending an email to help@trendflowstudio.com.<\/li><li>Include in the mailing:<\/li><li>Full name.\u00a0<\/li><li>Date of transaction.\u00a0<\/li><li>Details of the service purchased.\u00a0<\/li><li>Specific reason for the reimbursement request.<\/li><li>Attach any evidence to support the request (e.g. screenshots, related emails, etc.).<\/li><\/ul><p><strong>Reimbursement Processing<\/strong><\/p><ul><li>Upon receipt of the application, Trend Flow Studio will perform a thorough review of the application.\u00a0<\/li><li>If the request is approved, the reimbursement will be processed within fifteen (15) business days of approval.\u00a0<\/li><li>The refund will be issued using the same payment method used by the User when purchasing the service.\u00a0<\/li><\/ul><p><strong>Exclusions and Restrictions<\/strong><\/p><p>The right to reimbursement does not apply in the following cases:\u00a0<\/p><ul><li>If the service has been fully delivered and the User does not provide evidence that it did not meet the agreed standards.\u00a0<\/li><li>If the request for reimbursement is submitted outside the five (5) business day period.\u00a0<\/li><li>If the User provided incorrect or incomplete information that affected the delivery of the service.\u00a0<\/li><\/ul><p><strong>Customized or Non-Refundable Services<\/strong><\/p><p>Some personalized services, due to their nature, may be subject to specific non-refundable terms. These terms will be communicated to the User prior to contracting the service.\u00a0<\/p><p><strong>Resolution of nonconformities<\/strong><\/p><p>If the User is not satisfied with the resolution of his\/her refund request, he\/she may contact our customer support team through the following means:\u00a0<\/p><ul><li>Address: Lima, Miraflores, Urb. Prolongaci\u00f3n Benavides, Cal. General Juli\u00e1n Arias Araguez 250\u00a0<\/li><li>E-mail: help@trendflowstudio.com\u00a0<\/li><li>Phone: +1 888 835 5392<\/li><\/ul><p><strong>Modifications to the Refund Policy<\/strong><\/p><p>Trend Flow Studio reserves the right to modify this policy at any time. Any changes will be communicated in a timely manner and will be available on our official platforms.<\/p>\t\t\t\t\t\t\t\t<\/div>\n\t\t\t\t<\/div>\n\t\t\t\t\t<\/div>\n\t\t<\/div>\n\t\t\t\t\t<\/div>\n\t\t<\/section>\n\t\t\t\t<\/div>","protected":false},"excerpt":{"rendered":"<p>Pol\u00edtica de Reembolsos \u00daltima actualizaci\u00f3n 29 de enero del 2025. En Trend Flow Studio, nos comprometemos a garantizar la satisfacci\u00f3n de nuestros clientes con los servicios que ofrecemos. A continuaci\u00f3n, detallamos nuestra pol\u00edtica de reembolsos, dise\u00f1ada para abordar cualquier situaci\u00f3n en la que nuestros clientes puedan necesitar un reembolso o una soluci\u00f3n alternativa.\u00a0 Plazo para [&hellip;]<\/p>","protected":false},"author":2,"featured_media":0,"parent":0,"menu_order":0,"comment_status":"closed","ping_status":"closed","template":"","meta":{"_acf_changed":false,"footnotes":""},"class_list":["post-758","page","type-page","status-publish","hentry"],"acf":[],"aioseo_notices":[],"_links":{"self":[{"href":"https:\/\/trendflowstudio.com\/en\/wp-json\/wp\/v2\/pages\/758","targetHints":{"allow":["GET"]}}],"collection":[{"href":"https:\/\/trendflowstudio.com\/en\/wp-json\/wp\/v2\/pages"}],"about":[{"href":"https:\/\/trendflowstudio.com\/en\/wp-json\/wp\/v2\/types\/page"}],"author":[{"embeddable":true,"href":"https:\/\/trendflowstudio.com\/en\/wp-json\/wp\/v2\/users\/2"}],"replies":[{"embeddable":true,"href":"https:\/\/trendflowstudio.com\/en\/wp-json\/wp\/v2\/comments?post=758"}],"version-history":[{"count":22,"href":"https:\/\/trendflowstudio.com\/en\/wp-json\/wp\/v2\/pages\/758\/revisions"}],"predecessor-version":[{"id":1830,"href":"https:\/\/trendflowstudio.com\/en\/wp-json\/wp\/v2\/pages\/758\/revisions\/1830"}],"wp:attachment":[{"href":"https:\/\/trendflowstudio.com\/en\/wp-json\/wp\/v2\/media?parent=758"}],"curies":[{"name":"wp","href":"https:\/\/api.w.org\/{rel}","templated":true}]}}