{"id":1802,"date":"2025-01-29T16:43:31","date_gmt":"2025-01-29T16:43:31","guid":{"rendered":"https:\/\/trendflowstudio.com\/?page_id=1802"},"modified":"2025-01-29T16:56:31","modified_gmt":"2025-01-29T16:56:31","slug":"politica-de-prevencion-de-lavado-de-dinero","status":"publish","type":"page","link":"https:\/\/trendflowstudio.com\/en\/politica-de-prevencion-de-lavado-de-dinero\/","title":{"rendered":"Pol\u00edtica de Prevenci\u00f3n de Lavado de Dinero"},"content":{"rendered":"<div data-elementor-type=\"wp-page\" data-elementor-id=\"1802\" class=\"elementor elementor-1802\" data-elementor-post-type=\"page\">\n\t\t\t\t\t\t<section class=\"elementor-section elementor-top-section elementor-element elementor-element-263a149 elementor-section-height-min-height elementor-section-boxed elementor-section-height-default elementor-section-items-middle\" data-id=\"263a149\" data-element_type=\"section\" data-settings=\"{&quot;background_background&quot;:&quot;classic&quot;}\">\n\t\t\t\t\t\t\t<div class=\"elementor-background-overlay\"><\/div>\n\t\t\t\t\t\t\t<div class=\"elementor-container elementor-column-gap-default\">\n\t\t\t\t\t<div class=\"elementor-column elementor-col-100 elementor-top-column elementor-element elementor-element-14d17f5\" data-id=\"14d17f5\" data-element_type=\"column\">\n\t\t\t<div class=\"elementor-widget-wrap elementor-element-populated\">\n\t\t\t\t\t\t<div class=\"elementor-element elementor-element-542f90c elementor-invisible elementor-widget elementor-widget-heading\" data-id=\"542f90c\" data-element_type=\"widget\" data-settings=\"{&quot;_animation&quot;:&quot;fadeInUp&quot;}\" data-widget_type=\"heading.default\">\n\t\t\t\t<div class=\"elementor-widget-container\">\n\t\t\t\t\t<h2 class=\"elementor-heading-title elementor-size-default\">Money Laundering Prevention Policy (AML)<\/h2>\t\t\t\t<\/div>\n\t\t\t\t<\/div>\n\t\t\t\t\t<\/div>\n\t\t<\/div>\n\t\t\t\t\t<\/div>\n\t\t<\/section>\n\t\t\t\t<section class=\"elementor-section elementor-top-section elementor-element elementor-element-fb10dc5 elementor-section-boxed elementor-section-height-default elementor-section-height-default\" data-id=\"fb10dc5\" data-element_type=\"section\">\n\t\t\t\t\t\t<div class=\"elementor-container elementor-column-gap-default\">\n\t\t\t\t\t<div class=\"elementor-column elementor-col-100 elementor-top-column elementor-element elementor-element-67d0200\" data-id=\"67d0200\" data-element_type=\"column\">\n\t\t\t<div class=\"elementor-widget-wrap elementor-element-populated\">\n\t\t\t\t\t\t<div class=\"elementor-element elementor-element-56d5999 elementor-widget__width-initial elementor-widget elementor-widget-text-editor\" data-id=\"56d5999\" data-element_type=\"widget\" data-widget_type=\"text-editor.default\">\n\t\t\t\t<div class=\"elementor-widget-container\">\n\t\t\t\t\t\t\t\t\t<p><strong><u>Last updated January 29, 2025.<\/u><\/strong><\/p><ol><li><strong>Introduction<\/strong><\/li><\/ol><p>Trend Flow Studio (\u201cThe Company\u201d) is committed to conducting its business in accordance with the highest ethical standards and complying with all applicable laws and regulations, including those related to Anti-Money Laundering (AML). This AML policy describes the measures and procedures designed to prevent, detect and report money laundering and other illegal financial activities.<\/p><p>\u00a0<\/p><ol start=\"2\"><li><strong>Scope<\/strong><\/li><\/ol><p>This policy applies to all Trend Flow Studio employees, contractors, consultants and partners. It covers all activities, transactions and relationships conducted on behalf of the Company.<\/p><p>\u00a0<\/p><ol start=\"3\"><li><strong>Regulatory Framework<\/strong><\/li><\/ol><p>Trend Flow Studio complies with all relevant AML laws and regulations in the jurisdictions in which it operates, including, but not limited to:\u00a0<\/p><ul><li>Financial Action Task Force (FATF) Recommendations\u00a0<\/li><li>Local AML laws in the Company's regions of operation\u00a0<\/li><\/ul><p>\u00a0<\/p><ol start=\"4\"><li><strong>Objectives<\/strong><\/li><\/ol><p>The objectives of this AML policy are:\u00a0<\/p><ul><li>Prevent the use of the Company's services for money laundering or terrorist financing.<\/li><li>Establish robust systems for monitoring, detecting and reporting suspicious activities.<\/li><li>Ensure that all personnel are adequately trained in AML practices.<\/li><\/ul><p>\u00a0<\/p><ol start=\"5\"><li><strong>Key Principles<\/strong><\/li><\/ol><p>\u00a0<\/p><p>Know Your Customer (KYC):\u00a0<\/p><ul><li>The Company implements rigorous KYC procedures to verify the identity of customers, partners and stakeholders.\u00a0<\/li><li>Required documentation includes government-issued identification, proof of address and, where applicable, verification of source of funds.\u00a0<\/li><\/ul><p>\u00a0<\/p><p>Risk-Based Approach:\u00a0<\/p><ul><li>Risk assessments are conducted to identify and mitigate money laundering risks.\u00a0<\/li><li>Customers and transactions are categorized according to risk levels (low, medium or high).\u00a0<\/li><\/ul><p>\u00a0<\/p><p>Transaction Monitoring:\u00a0<\/p><ul><li>Transactions are continuously monitored to identify unusual or suspicious patterns.\u00a0<\/li><li>Increased scrutiny is applied to high-risk customers and transactions.\u00a0<\/li><\/ul><p>\u00a0<\/p><p>Record Keeping:\u00a0<\/p><ul><li>Records of all customer identification documents, transaction data and AML activities are retained for at least five years or as required by applicable laws.\u00a0<\/li><\/ul><p>\u00a0<\/p><ol start=\"6\"><li><strong>Suspicious Activity Report<\/strong><\/li><\/ol><p>Employees are required to report any suspicious activity to the AML Compliance Officer (AMLCO) designated by the Company. The AMLCO is responsible for:\u00a0<\/p><p>Investigate suspicious activity reports.\u00a0<\/p><p>File Suspicious Activity Reports (SARs) with the corresponding regulatory authorities.\u00a0<\/p><p>\u00a0<\/p><ol start=\"7\"><li><strong>Training and Awareness<\/strong><\/li><\/ol><p>Regular training programs are conducted for all employees to ensure knowledge of AML laws and internal procedures.\u00a0<\/p><p>Training includes recognition of suspicious activities, reporting mechanisms and the importance of compliance.\u00a0<\/p><p>\u00a0<\/p><ol start=\"8\"><li><strong>Compliance and Audit<\/strong><\/li><\/ol><p>The Company conducts regular audits of its AML program to ensure its effectiveness and compliance with applicable laws.\u00a0<\/p><p>Independent reviews may be conducted periodically to evaluate the AML framework.\u00a0<\/p><p>\u00a0<\/p><ol start=\"9\"><li><strong>Penalties for Non-Compliance<\/strong><\/li><\/ol><p>Failure to comply with this policy or applicable AML regulations may result in disciplinary action, including termination of employment or association, and could expose both the individual and the Company to legal and financial penalties.\u00a0<\/p><p>\u00a0<\/p><ol start=\"10\"><li><strong>Review and Upgrades<\/strong><\/li><\/ol><p>This AML policy is reviewed annually or as necessary to reflect changes in applicable laws, regulations or business operations.\u00a0<\/p><p>\u00a0<\/p><ol start=\"11\"><li><strong>Contact Information<\/strong><\/li><\/ol><p>For questions or concerns regarding this AML policy, please contact the AML Compliance Officer at help@trendflowstudio.com.\u00a0<\/p><p>\u00a0<\/p><ol start=\"12\"><li><strong>Approval<\/strong><\/li><\/ol><p>This AML policy has been approved by Trend Flow Studio management and is effective January 15, 2025.<\/p>\t\t\t\t\t\t\t\t<\/div>\n\t\t\t\t<\/div>\n\t\t\t\t\t<\/div>\n\t\t<\/div>\n\t\t\t\t\t<\/div>\n\t\t<\/section>\n\t\t\t\t<\/div>","protected":false},"excerpt":{"rendered":"<p>Pol\u00edtica de Prevenci\u00f3n de Lavado de Dinero (AML) \u00daltima actualizaci\u00f3n 29 de enero del 2025. Introducci\u00f3n Trend Flow Studio (\u00abLa Empresa\u00bb) est\u00e1 comprometida a llevar a cabo sus actividades comerciales conforme a los m\u00e1s altos est\u00e1ndares \u00e9ticos y a cumplir con todas las leyes y regulaciones aplicables, incluidas aquellas relacionadas con la Prevenci\u00f3n de Lavado [&hellip;]<\/p>","protected":false},"author":2,"featured_media":0,"parent":0,"menu_order":0,"comment_status":"closed","ping_status":"closed","template":"","meta":{"_acf_changed":false,"footnotes":""},"class_list":["post-1802","page","type-page","status-publish","hentry"],"acf":[],"aioseo_notices":[],"_links":{"self":[{"href":"https:\/\/trendflowstudio.com\/en\/wp-json\/wp\/v2\/pages\/1802","targetHints":{"allow":["GET"]}}],"collection":[{"href":"https:\/\/trendflowstudio.com\/en\/wp-json\/wp\/v2\/pages"}],"about":[{"href":"https:\/\/trendflowstudio.com\/en\/wp-json\/wp\/v2\/types\/page"}],"author":[{"embeddable":true,"href":"https:\/\/trendflowstudio.com\/en\/wp-json\/wp\/v2\/users\/2"}],"replies":[{"embeddable":true,"href":"https:\/\/trendflowstudio.com\/en\/wp-json\/wp\/v2\/comments?post=1802"}],"version-history":[{"count":7,"href":"https:\/\/trendflowstudio.com\/en\/wp-json\/wp\/v2\/pages\/1802\/revisions"}],"predecessor-version":[{"id":1809,"href":"https:\/\/trendflowstudio.com\/en\/wp-json\/wp\/v2\/pages\/1802\/revisions\/1809"}],"wp:attachment":[{"href":"https:\/\/trendflowstudio.com\/en\/wp-json\/wp\/v2\/media?parent=1802"}],"curies":[{"name":"wp","href":"https:\/\/api.w.org\/{rel}","templated":true}]}}