{"id":1280,"date":"2023-10-03T14:57:45","date_gmt":"2023-10-03T14:57:45","guid":{"rendered":"https:\/\/trendflowstudio.com\/?page_id=1280"},"modified":"2025-01-29T15:25:32","modified_gmt":"2025-01-29T15:25:32","slug":"cart-2","status":"publish","type":"page","link":"https:\/\/trendflowstudio.com\/en\/cart-2\/","title":{"rendered":"Cart"},"content":{"rendered":"<div data-elementor-type=\"wp-page\" data-elementor-id=\"1280\" class=\"elementor elementor-1280\" data-elementor-post-type=\"page\">\n\t\t\t\t\t\t<section class=\"elementor-section elementor-top-section elementor-element elementor-element-039de36 elementor-section-height-min-height elementor-section-boxed elementor-section-height-default elementor-section-items-middle\" data-id=\"039de36\" data-element_type=\"section\" data-settings=\"{&quot;background_background&quot;:&quot;classic&quot;}\">\n\t\t\t\t\t\t\t<div class=\"elementor-background-overlay\"><\/div>\n\t\t\t\t\t\t\t<div class=\"elementor-container elementor-column-gap-default\">\n\t\t\t\t\t<div class=\"elementor-column elementor-col-100 elementor-top-column elementor-element elementor-element-6c82fa4\" data-id=\"6c82fa4\" data-element_type=\"column\">\n\t\t\t<div class=\"elementor-widget-wrap elementor-element-populated\">\n\t\t\t\t\t\t<div class=\"elementor-element elementor-element-17bdd2f elementor-invisible elementor-widget elementor-widget-heading\" data-id=\"17bdd2f\" data-element_type=\"widget\" data-settings=\"{&quot;_animation&quot;:&quot;fadeInUp&quot;}\" data-widget_type=\"heading.default\">\n\t\t\t\t<div class=\"elementor-widget-container\">\n\t\t\t\t\t<h2 class=\"elementor-heading-title elementor-size-default\">Cart<\/h2>\t\t\t\t<\/div>\n\t\t\t\t<\/div>\n\t\t\t\t\t<\/div>\n\t\t<\/div>\n\t\t\t\t\t<\/div>\n\t\t<\/section>\n\t\t\t\t<section class=\"elementor-section elementor-top-section elementor-element elementor-element-4e257c0 elementor-section-boxed elementor-section-height-default elementor-section-height-default\" data-id=\"4e257c0\" data-element_type=\"section\">\n\t\t\t\t\t\t<div class=\"elementor-container elementor-column-gap-default\">\n\t\t\t\t\t<div class=\"elementor-column elementor-col-100 elementor-top-column elementor-element elementor-element-dff7571\" data-id=\"dff7571\" data-element_type=\"column\">\n\t\t\t<div class=\"elementor-widget-wrap elementor-element-populated\">\n\t\t\t\t\t\t\t<\/div>\n\t\t<\/div>\n\t\t\t\t\t<\/div>\n\t\t<\/section>\n\t\t\t\t<\/div>","protected":false},"excerpt":{"rendered":"<p>Carrito Remove item Thumbnail image Product Price Quantity Subtotal &times; CONSULTOR\u00cdA EN OPTIMIZACI\u00d3N DE BASES DE DATOS USD $89.53 CONSULTOR\u00cdA EN OPTIMIZACI\u00d3N DE BASES DE DATOS quantity USD $89.53 Totales Subtotal USD $89.53 Tax USD $16.12 Total USD $105.65 Proceder al pago<\/p>","protected":false},"author":2,"featured_media":0,"parent":0,"menu_order":0,"comment_status":"closed","ping_status":"closed","template":"","meta":{"_acf_changed":false,"footnotes":""},"class_list":["post-1280","page","type-page","status-publish","hentry"],"acf":[],"aioseo_notices":[],"_links":{"self":[{"href":"https:\/\/trendflowstudio.com\/en\/wp-json\/wp\/v2\/pages\/1280","targetHints":{"allow":["GET"]}}],"collection":[{"href":"https:\/\/trendflowstudio.com\/en\/wp-json\/wp\/v2\/pages"}],"about":[{"href":"https:\/\/trendflowstudio.com\/en\/wp-json\/wp\/v2\/types\/page"}],"author":[{"embeddable":true,"href":"https:\/\/trendflowstudio.com\/en\/wp-json\/wp\/v2\/users\/2"}],"replies":[{"embeddable":true,"href":"https:\/\/trendflowstudio.com\/en\/wp-json\/wp\/v2\/comments?post=1280"}],"version-history":[{"count":52,"href":"https:\/\/trendflowstudio.com\/en\/wp-json\/wp\/v2\/pages\/1280\/revisions"}],"predecessor-version":[{"id":1789,"href":"https:\/\/trendflowstudio.com\/en\/wp-json\/wp\/v2\/pages\/1280\/revisions\/1789"}],"wp:attachment":[{"href":"https:\/\/trendflowstudio.com\/en\/wp-json\/wp\/v2\/media?parent=1280"}],"curies":[{"name":"wp","href":"https:\/\/api.w.org\/{rel}","templated":true}]}}